{"id":1678,"date":"2022-06-06T07:42:22","date_gmt":"2022-06-06T07:42:22","guid":{"rendered":"https:\/\/nicktesting.kinsta.cloud\/shopdiko1\/?page_id=10"},"modified":"2025-06-10T03:58:43","modified_gmt":"2025-06-10T03:58:43","slug":"cart","status":"publish","type":"page","link":"https:\/\/josephinaoficial.com.br\/loja\/cart\/","title":{"rendered":"Cart"},"content":{"rendered":"\t\t<div data-elementor-type=\"wp-page\" data-elementor-id=\"1678\" class=\"elementor elementor-1678\" data-elementor-settings=\"{&quot;ha_cmc_init_switcher&quot;:&quot;no&quot;}\" data-elementor-post-type=\"page\">\n\t\t\t\t\t\t<section class=\"elementor-section elementor-top-section elementor-element elementor-element-66f22496 elementor-section-boxed elementor-section-height-default elementor-section-height-default wpr-particle-no wpr-jarallax-no wpr-parallax-no wpr-sticky-section-no\" data-id=\"66f22496\" data-element_type=\"section\" data-settings=\"{&quot;_ha_eqh_enable&quot;:false}\">\n\t\t\t\t\t\t<div class=\"elementor-container elementor-column-gap-default\">\n\t\t\t\t\t<div class=\"elementor-column elementor-col-100 elementor-top-column elementor-element elementor-element-27ed61d9\" data-id=\"27ed61d9\" data-element_type=\"column\">\n\t\t\t<div class=\"elementor-widget-wrap elementor-element-populated\">\n\t\t\t\t\t\t<div class=\"elementor-element elementor-element-00300b3 elementor-widget elementor-widget-heading\" data-id=\"00300b3\" data-element_type=\"widget\" data-widget_type=\"heading.default\">\n\t\t\t\t<div class=\"elementor-widget-container\">\n\t\t\t\t\t<h2 class=\"elementor-heading-title elementor-size-default\">Carrinho<\/h2>\t\t\t\t<\/div>\n\t\t\t\t<\/div>\n\t\t\t\t\t<\/div>\n\t\t<\/div>\n\t\t\t\t\t<\/div>\n\t\t<\/section>\n\t\t\t\t<\/div>\n\t\t","protected":false},"excerpt":{"rendered":"<p>Carrinho &nbsp; Produto &nbsp; Pre\u00e7o Quantidade Subtotal &times; Trio brinco inspira\u00e7\u00e3o de alta joalheria GC &#82;&#36;&nbsp;49,90 Trio brinco inspira\u00e7\u00e3o de alta joalheria GC quantidade &#82;&#36;&nbsp;49,90 &times; Mix braceletes inspira\u00e7\u00e3o alta joalheria &#82;&#36;&nbsp;219,90 Mix braceletes inspira\u00e7\u00e3o alta joalheria quantidade &#82;&#36;&nbsp;219,90 Atualizar Itens Aplicar cupom Suas compras Subtotal &#82;&#36;&nbsp;269,80 Entrega GRATUITO &#8211; RETIRAR NA LOJA: Ap\u00f3s 24h da compra entre em contato conosco pelo Whatsapp para combinar a retirada. MOTOBOY \/RJ: Entre em contato via Whatsapp para saber valor e combinar a entrega JUNTAR PEDIDOS: entrar em contato por Whatsapp para combinar a retirada na Loja SEDEX &#8211; Promocional &#8211; (6 dias \u00fateis): &#82;&#36;&nbsp;11,01 Mini Envios &#8211; Promocional &#8211; (13 dias \u00fateis): &#82;&#36;&nbsp;13,55 PAC &#8211; Promocional &#8211; (10 dias \u00fateis): &#82;&#36;&nbsp;19,40 Entrega para Estrada do Quitungo, 1324, rio de janeiro, Rio de Janeiro, 21215-565. Mudar endere\u00e7o Pa\u00eds \/ regi\u00e3o Selecione um pa\u00eds&hellip;Brasil Estado Selecione uma op\u00e7\u00e3o&hellip;AcreAlagoasAmap\u00e1AmazonasBahiaCear\u00e1Distrito FederalEsp\u00edrito SantoGoi\u00e1sMaranh\u00e3oMato GrossoMato Grosso do SulMinas GeraisPar\u00e1Para\u00edbaParan\u00e1PernambucoPiau\u00edRio de JaneiroRio Grande do NorteRio Grande do SulRond\u00f4niaRoraimaSanta CatarinaS\u00e3o PauloSergipeTocantins Cidade: C\u00f3digo postal \/ CEP: Atualizar Total &#82;&#36;&nbsp;269,80 Ir para o pagamento<\/p>\n","protected":false},"author":1,"featured_media":0,"parent":0,"menu_order":0,"comment_status":"closed","ping_status":"closed","template":"elementor_canvas","meta":{"footnotes":""},"class_list":["post-1678","page","type-page","status-publish","hentry"],"jetpack_sharing_enabled":true,"_links":{"self":[{"href":"https:\/\/josephinaoficial.com.br\/loja\/wp-json\/wp\/v2\/pages\/1678","targetHints":{"allow":["GET"]}}],"collection":[{"href":"https:\/\/josephinaoficial.com.br\/loja\/wp-json\/wp\/v2\/pages"}],"about":[{"href":"https:\/\/josephinaoficial.com.br\/loja\/wp-json\/wp\/v2\/types\/page"}],"author":[{"embeddable":true,"href":"https:\/\/josephinaoficial.com.br\/loja\/wp-json\/wp\/v2\/users\/1"}],"replies":[{"embeddable":true,"href":"https:\/\/josephinaoficial.com.br\/loja\/wp-json\/wp\/v2\/comments?post=1678"}],"version-history":[{"count":48,"href":"https:\/\/josephinaoficial.com.br\/loja\/wp-json\/wp\/v2\/pages\/1678\/revisions"}],"predecessor-version":[{"id":3822,"href":"https:\/\/josephinaoficial.com.br\/loja\/wp-json\/wp\/v2\/pages\/1678\/revisions\/3822"}],"wp:attachment":[{"href":"https:\/\/josephinaoficial.com.br\/loja\/wp-json\/wp\/v2\/media?parent=1678"}],"curies":[{"name":"wp","href":"https:\/\/api.w.org\/{rel}","templated":true}]}}