{"id":3262,"date":"2025-06-07T00:24:35","date_gmt":"2025-06-07T00:24:35","guid":{"rendered":"https:\/\/josephinaoficial.com.br\/loja\/?post_type=product&#038;p=3262"},"modified":"2025-07-29T21:44:44","modified_gmt":"2025-07-29T21:44:44","slug":"reviera-coracao-cravejado","status":"publish","type":"product","link":"https:\/\/josephinaoficial.com.br\/loja\/produto\/reviera-coracao-cravejado\/","title":{"rendered":"Conjunto gargantilha e pulseira cora\u00e7\u00f5es cravejado duo de banho"},"content":{"rendered":"<blockquote><p>Gargantillha e pulseira \u00a0cora\u00e7\u00f5es cravejados duo de banho<\/p><\/blockquote>\n<p><strong>Material:<\/strong><\/p>\n<p>Semij\u00f3ia banhada a ouro 18k e r\u00f3dio<\/p>\n<p><strong>Caracter\u00edsticas:<\/strong><\/p>\n<p>Banho de verniz italiano Hipoalerg\u00eanico (20 mil\u00e9simos do banho de ouro 18k e r\u00f3dio)<\/p>\n<p><strong>Medida do colar<\/strong>: 40cm (alteramos \u00a0ou diminu\u00edmos de acordo com a medida do cliente)<\/p>\n<p><strong>Medida da pulseira<\/strong>: 18cm<\/p>\n<p><strong>Cuidados Necess\u00e1rios<\/strong>:<\/p>\n<p>Para preservar a beleza da sua semijoia, recomenda-se:<br \/>\nEvitar o contato com produtos qu\u00edmicos, como perfumes e produtos de limpeza.<br \/>\nArmazenar em um local seco e arejado, preferencialmente em um porta-joias.<br \/>\nLimpar com um pano macio e seco ap\u00f3s o uso para remover sujeira e oleosidade.<\/p>\n<p><strong>Durabilidade<\/strong>:<\/p>\n<p>Nossas semijoias s\u00e3o projetadas para resistir ao uso di\u00e1rio, mantendo sua beleza por um longo per\u00edodo quando os cuidados adequados s\u00e3o seguidos.<\/p>\n<p><strong>Hipoalerg\u00eanica<\/strong>:<br \/>\nNossas pe\u00e7as s\u00e3o hipoalerg\u00eanicas, feitas com materiais de alta qualidade que minimizam o risco de rea\u00e7\u00f5es al\u00e9rgicas. Ideal para quem tem pele sens\u00edvel.<\/p>\n","protected":false},"excerpt":{"rendered":"<p>Gargantillha e pulseira \u00a0cora\u00e7\u00f5es cravejados duo de banho Material: Semij\u00f3ia banhada a ouro 18k e r\u00f3dio Caracter\u00edsticas: Banho de verniz italiano Hipoalerg\u00eanico (20 mil\u00e9simos do banho de ouro 18k e r\u00f3dio) Medida do colar: 40cm (alteramos \u00a0ou diminu\u00edmos de acordo com a medida do cliente) Medida da pulseira: 18cm Cuidados Necess\u00e1rios: Para preservar a beleza da sua semijoia, recomenda-se: Evitar o contato com produtos qu\u00edmicos, como perfumes e produtos de limpeza. Armazenar em um local seco e arejado, preferencialmente em um porta-joias. Limpar com um pano macio e seco ap\u00f3s o uso para remover sujeira e oleosidade. Durabilidade: Nossas semijoias s\u00e3o projetadas para resistir ao uso di\u00e1rio, mantendo sua beleza por um longo per\u00edodo quando os cuidados adequados s\u00e3o seguidos. Hipoalerg\u00eanica: Nossas pe\u00e7as s\u00e3o hipoalerg\u00eanicas, feitas com materiais de alta qualidade que minimizam o risco de rea\u00e7\u00f5es al\u00e9rgicas. Ideal para quem tem pele sens\u00edvel.<\/p>\n","protected":false},"featured_media":3259,"comment_status":"open","ping_status":"closed","template":"","meta":[],"product_brand":[],"product_cat":[63],"product_tag":[],"class_list":{"0":"post-3262","1":"product","2":"type-product","3":"status-publish","4":"has-post-thumbnail","6":"product_cat-conjuntos","8":"first","9":"onbackorder","10":"shipping-taxable","11":"purchasable","12":"product-type-simple"},"jetpack_sharing_enabled":true,"_links":{"self":[{"href":"https:\/\/josephinaoficial.com.br\/loja\/wp-json\/wp\/v2\/product\/3262","targetHints":{"allow":["GET"]}}],"collection":[{"href":"https:\/\/josephinaoficial.com.br\/loja\/wp-json\/wp\/v2\/product"}],"about":[{"href":"https:\/\/josephinaoficial.com.br\/loja\/wp-json\/wp\/v2\/types\/product"}],"replies":[{"embeddable":true,"href":"https:\/\/josephinaoficial.com.br\/loja\/wp-json\/wp\/v2\/comments?post=3262"}],"wp:featuredmedia":[{"embeddable":true,"href":"https:\/\/josephinaoficial.com.br\/loja\/wp-json\/wp\/v2\/media\/3259"}],"wp:attachment":[{"href":"https:\/\/josephinaoficial.com.br\/loja\/wp-json\/wp\/v2\/media?parent=3262"}],"wp:term":[{"taxonomy":"product_brand","embeddable":true,"href":"https:\/\/josephinaoficial.com.br\/loja\/wp-json\/wp\/v2\/product_brand?post=3262"},{"taxonomy":"product_cat","embeddable":true,"href":"https:\/\/josephinaoficial.com.br\/loja\/wp-json\/wp\/v2\/product_cat?post=3262"},{"taxonomy":"product_tag","embeddable":true,"href":"https:\/\/josephinaoficial.com.br\/loja\/wp-json\/wp\/v2\/product_tag?post=3262"}],"curies":[{"name":"wp","href":"https:\/\/api.w.org\/{rel}","templated":true}]}}