{"id":4127,"date":"2025-06-15T22:31:03","date_gmt":"2025-06-15T22:31:03","guid":{"rendered":"https:\/\/josephinaoficial.com.br\/loja\/?post_type=product&#038;p=4127"},"modified":"2025-07-28T02:00:13","modified_gmt":"2025-07-28T02:00:13","slug":"mix-de-revieras-tres-pontas-e-reviera-color-inspiracao-de-alta-joalheria","status":"publish","type":"product","link":"https:\/\/josephinaoficial.com.br\/loja\/produto\/mix-de-revieras-tres-pontas-e-reviera-color-inspiracao-de-alta-joalheria\/","title":{"rendered":"Mix de revieras tr\u00eas pontas e reviera Color inspira\u00e7\u00e3o de alta joalheria"},"content":{"rendered":"<p><strong>O Produto:\u00a0<\/strong><\/p>\n<p>Mix de revieras: Reviera Color cora\u00e7\u00f5es e reviera cora\u00e7\u00e3o tr\u00eas pontas zirc\u00f4nia Semij\u00f3ias<\/p>\n<p>Medida Reviera Color: 40cm + extensor<\/p>\n<p>Medida Reviera cora\u00e7\u00e3o tr\u00eas pontas 40cm | 48cm<\/p>\n<p><strong>Material:<\/strong><\/p>\n<p>Semij\u00f3ia banhada a ouro 18k<\/p>\n<p><strong>Caracter\u00edsticas:<\/strong><\/p>\n<p>Banho de verniz italiano Hipoalerg\u00eanico (20 mil\u00e9simos do banho de ouro 18k)<\/p>\n<p><strong>Cuidados Necess\u00e1rios<\/strong>:<\/p>\n<p>Para preservar a beleza da sua semijoia, recomenda-se:<br \/>\nEvitar o contato com produtos qu\u00edmicos, como perfumes e produtos de limpeza.<br \/>\nArmazenar em um local seco e arejado, preferencialmente em um porta-joias.<br \/>\nLimpar com um pano macio e seco ap\u00f3s o uso para remover sujeira e oleosidade.<\/p>\n<p><strong>Durabilidade<\/strong>:<\/p>\n<p>Nossas semijoias s\u00e3o projetadas para resistir ao uso di\u00e1rio, mantendo sua beleza por um longo per\u00edodo quando os cuidados adequados s\u00e3o seguidos.<\/p>\n<p><strong>Hipoalerg\u00eanica<\/strong>:<br \/>\nNossas pe\u00e7as s\u00e3o hipoalerg\u00eanicas, feitas com materiais de alta qualidade que minimizam o risco de rea\u00e7\u00f5es al\u00e9rgicas. Ideal para quem tem pele sens\u00edvel.<\/p>\n<p>&nbsp;<\/p>\n","protected":false},"excerpt":{"rendered":"<p>O Produto:\u00a0 Mix de revieras: Reviera Color cora\u00e7\u00f5es e reviera cora\u00e7\u00e3o tr\u00eas pontas zirc\u00f4nia Semij\u00f3ias Medida Reviera Color: 40cm + extensor Medida Reviera cora\u00e7\u00e3o tr\u00eas pontas 40cm | 48cm Material: Semij\u00f3ia banhada a ouro 18k Caracter\u00edsticas: Banho de verniz italiano Hipoalerg\u00eanico (20 mil\u00e9simos do banho de ouro 18k) Cuidados Necess\u00e1rios: Para preservar a beleza da sua semijoia, recomenda-se: Evitar o contato com produtos qu\u00edmicos, como perfumes e produtos de limpeza. Armazenar em um local seco e arejado, preferencialmente em um porta-joias. Limpar com um pano macio e seco ap\u00f3s o uso para remover sujeira e oleosidade. Durabilidade: Nossas semijoias s\u00e3o projetadas para resistir ao uso di\u00e1rio, mantendo sua beleza por um longo per\u00edodo quando os cuidados adequados s\u00e3o seguidos. Hipoalerg\u00eanica: Nossas pe\u00e7as s\u00e3o hipoalerg\u00eanicas, feitas com materiais de alta qualidade que minimizam o risco de rea\u00e7\u00f5es al\u00e9rgicas. Ideal para quem tem pele sens\u00edvel. &nbsp;<\/p>\n","protected":false},"featured_media":3933,"comment_status":"open","ping_status":"closed","template":"","meta":[],"product_brand":[],"product_cat":[78],"product_tag":[],"class_list":{"0":"post-4127","1":"product","2":"type-product","3":"status-publish","4":"has-post-thumbnail","6":"product_cat-revieras","8":"first","9":"instock","10":"sold-individually","11":"shipping-taxable","12":"purchasable","13":"product-type-simple"},"jetpack_sharing_enabled":true,"_links":{"self":[{"href":"https:\/\/josephinaoficial.com.br\/loja\/wp-json\/wp\/v2\/product\/4127","targetHints":{"allow":["GET"]}}],"collection":[{"href":"https:\/\/josephinaoficial.com.br\/loja\/wp-json\/wp\/v2\/product"}],"about":[{"href":"https:\/\/josephinaoficial.com.br\/loja\/wp-json\/wp\/v2\/types\/product"}],"replies":[{"embeddable":true,"href":"https:\/\/josephinaoficial.com.br\/loja\/wp-json\/wp\/v2\/comments?post=4127"}],"wp:featuredmedia":[{"embeddable":true,"href":"https:\/\/josephinaoficial.com.br\/loja\/wp-json\/wp\/v2\/media\/3933"}],"wp:attachment":[{"href":"https:\/\/josephinaoficial.com.br\/loja\/wp-json\/wp\/v2\/media?parent=4127"}],"wp:term":[{"taxonomy":"product_brand","embeddable":true,"href":"https:\/\/josephinaoficial.com.br\/loja\/wp-json\/wp\/v2\/product_brand?post=4127"},{"taxonomy":"product_cat","embeddable":true,"href":"https:\/\/josephinaoficial.com.br\/loja\/wp-json\/wp\/v2\/product_cat?post=4127"},{"taxonomy":"product_tag","embeddable":true,"href":"https:\/\/josephinaoficial.com.br\/loja\/wp-json\/wp\/v2\/product_tag?post=4127"}],"curies":[{"name":"wp","href":"https:\/\/api.w.org\/{rel}","templated":true}]}}