{"id":4417,"date":"2025-06-16T03:09:27","date_gmt":"2025-06-16T03:09:27","guid":{"rendered":"https:\/\/josephinaoficial.com.br\/loja\/?post_type=product&#038;p=4417"},"modified":"2025-07-28T00:36:40","modified_gmt":"2025-07-28T00:36:40","slug":"trio-de-argolinhas-cravejadas-inspiracao-de-alta-joalheria-semijoias","status":"publish","type":"product","link":"https:\/\/josephinaoficial.com.br\/loja\/produto\/trio-de-argolinhas-cravejadas-inspiracao-de-alta-joalheria-semijoias\/","title":{"rendered":"Trio de argolinhas cravejadas inspira\u00e7\u00e3o de alta joalheria Semij\u00f3ias"},"content":{"rendered":"","protected":false},"excerpt":{"rendered":"","protected":false},"featured_media":4405,"comment_status":"open","ping_status":"closed","template":"","meta":[],"product_brand":[],"product_cat":[82],"product_tag":[],"class_list":{"0":"post-4417","1":"product","2":"type-product","3":"status-publish","4":"has-post-thumbnail","6":"product_cat-trios-de-brincos-e-argolas","8":"first","9":"instock","10":"shipping-taxable","11":"purchasable","12":"product-type-simple"},"jetpack_sharing_enabled":true,"_links":{"self":[{"href":"https:\/\/josephinaoficial.com.br\/loja\/wp-json\/wp\/v2\/product\/4417","targetHints":{"allow":["GET"]}}],"collection":[{"href":"https:\/\/josephinaoficial.com.br\/loja\/wp-json\/wp\/v2\/product"}],"about":[{"href":"https:\/\/josephinaoficial.com.br\/loja\/wp-json\/wp\/v2\/types\/product"}],"replies":[{"embeddable":true,"href":"https:\/\/josephinaoficial.com.br\/loja\/wp-json\/wp\/v2\/comments?post=4417"}],"wp:featuredmedia":[{"embeddable":true,"href":"https:\/\/josephinaoficial.com.br\/loja\/wp-json\/wp\/v2\/media\/4405"}],"wp:attachment":[{"href":"https:\/\/josephinaoficial.com.br\/loja\/wp-json\/wp\/v2\/media?parent=4417"}],"wp:term":[{"taxonomy":"product_brand","embeddable":true,"href":"https:\/\/josephinaoficial.com.br\/loja\/wp-json\/wp\/v2\/product_brand?post=4417"},{"taxonomy":"product_cat","embeddable":true,"href":"https:\/\/josephinaoficial.com.br\/loja\/wp-json\/wp\/v2\/product_cat?post=4417"},{"taxonomy":"product_tag","embeddable":true,"href":"https:\/\/josephinaoficial.com.br\/loja\/wp-json\/wp\/v2\/product_tag?post=4417"}],"curies":[{"name":"wp","href":"https:\/\/api.w.org\/{rel}","templated":true}]}}