{"id":5113,"date":"2025-08-06T04:14:04","date_gmt":"2025-08-06T04:14:04","guid":{"rendered":"https:\/\/josephinaoficial.com.br\/loja\/?post_type=product&#038;p=5113"},"modified":"2025-08-06T04:14:05","modified_gmt":"2025-08-06T04:14:05","slug":"brinco-medalha-cravejada-mini-zirconia-lv-inspiracao-de-alta-joalheria","status":"publish","type":"product","link":"https:\/\/josephinaoficial.com.br\/loja\/produto\/brinco-medalha-cravejada-mini-zirconia-lv-inspiracao-de-alta-joalheria\/","title":{"rendered":"Brinco medalha cravejada mini zirc\u00f4nia LV inspira\u00e7\u00e3o de alta joalheria"},"content":{"rendered":"<p>Material:<\/p>\n<p>Semij\u00f3ia banhada a ouro 18kCaracter\u00edsticas:<\/p>\n<p>Banho de verniz italiano Hipoalerg\u00eanico (20 mil\u00e9simos do banho de ouro 18k<\/p>\n<p>Cuidados Necess\u00e1rios:<\/p>\n<p>Para preservar a beleza da sua semijoia, recomenda-se:<br \/>\nEvitar o contato com produtos qu\u00edmicos, como perfumes e produtos de limpeza.<br \/>\nArmazenar em um local seco e arejado, preferencialmente em um porta-joias.<br \/>\nLimpar com um pano macio e seco ap\u00f3s o uso para remover sujeira e oleosidade.<\/p>\n<p>Durabilidade:<\/p>\n<p>Nossas semijoias s\u00e3o projetadas para resistir ao uso di\u00e1rio, mantendo sua beleza por um longo per\u00edodo quando os cuidados adequados s\u00e3o seguidos.<\/p>\n<p>Hipoalerg\u00eanica:<br \/>\nNossas pe\u00e7as s\u00e3o hipoalerg\u00eanicas, feitas com materiais de alta qualidade que minimizam o risco de rea\u00e7\u00f5es al\u00e9rgicas. Ideal para quem tem pele sens\u00edvel.<\/p>\n","protected":false},"excerpt":{"rendered":"<p>Material: Semij\u00f3ia banhada a ouro 18kCaracter\u00edsticas: Banho de verniz italiano Hipoalerg\u00eanico (20 mil\u00e9simos do banho de ouro 18k Cuidados Necess\u00e1rios: Para preservar a beleza da sua semijoia, recomenda-se: Evitar o contato com produtos qu\u00edmicos, como perfumes e produtos de limpeza. Armazenar em um local seco e arejado, preferencialmente em um porta-joias. Limpar com um pano macio e seco ap\u00f3s o uso para remover sujeira e oleosidade. Durabilidade: Nossas semijoias s\u00e3o projetadas para resistir ao uso di\u00e1rio, mantendo sua beleza por um longo per\u00edodo quando os cuidados adequados s\u00e3o seguidos. Hipoalerg\u00eanica: Nossas pe\u00e7as s\u00e3o hipoalerg\u00eanicas, feitas com materiais de alta qualidade que minimizam o risco de rea\u00e7\u00f5es al\u00e9rgicas. Ideal para quem tem pele sens\u00edvel.<\/p>\n","protected":false},"featured_media":5106,"comment_status":"open","ping_status":"closed","template":"","meta":[],"product_brand":[],"product_cat":[66],"product_tag":[],"class_list":{"0":"post-5113","1":"product","2":"type-product","3":"status-publish","4":"has-post-thumbnail","6":"product_cat-brincos","8":"first","9":"instock","10":"sold-individually","11":"shipping-taxable","12":"purchasable","13":"product-type-simple"},"jetpack_sharing_enabled":true,"_links":{"self":[{"href":"https:\/\/josephinaoficial.com.br\/loja\/wp-json\/wp\/v2\/product\/5113","targetHints":{"allow":["GET"]}}],"collection":[{"href":"https:\/\/josephinaoficial.com.br\/loja\/wp-json\/wp\/v2\/product"}],"about":[{"href":"https:\/\/josephinaoficial.com.br\/loja\/wp-json\/wp\/v2\/types\/product"}],"replies":[{"embeddable":true,"href":"https:\/\/josephinaoficial.com.br\/loja\/wp-json\/wp\/v2\/comments?post=5113"}],"wp:featuredmedia":[{"embeddable":true,"href":"https:\/\/josephinaoficial.com.br\/loja\/wp-json\/wp\/v2\/media\/5106"}],"wp:attachment":[{"href":"https:\/\/josephinaoficial.com.br\/loja\/wp-json\/wp\/v2\/media?parent=5113"}],"wp:term":[{"taxonomy":"product_brand","embeddable":true,"href":"https:\/\/josephinaoficial.com.br\/loja\/wp-json\/wp\/v2\/product_brand?post=5113"},{"taxonomy":"product_cat","embeddable":true,"href":"https:\/\/josephinaoficial.com.br\/loja\/wp-json\/wp\/v2\/product_cat?post=5113"},{"taxonomy":"product_tag","embeddable":true,"href":"https:\/\/josephinaoficial.com.br\/loja\/wp-json\/wp\/v2\/product_tag?post=5113"}],"curies":[{"name":"wp","href":"https:\/\/api.w.org\/{rel}","templated":true}]}}