{"id":5476,"date":"2025-08-24T19:01:51","date_gmt":"2025-08-24T19:01:51","guid":{"rendered":"https:\/\/josephinaoficial.com.br\/loja\/?post_type=product&#038;p=5476"},"modified":"2025-08-24T19:01:51","modified_gmt":"2025-08-24T19:01:51","slug":"brinco-pingente-gota-pedra-verde-inspiracao-de-alta-joalheria","status":"publish","type":"product","link":"https:\/\/josephinaoficial.com.br\/loja\/produto\/brinco-pingente-gota-pedra-verde-inspiracao-de-alta-joalheria\/","title":{"rendered":"Brinco pingente gota pedra verde inspira\u00e7\u00e3o de alta joalheria"},"content":{"rendered":"<p>Informa\u00e7\u00f5es do produto<\/p>\n<p>Semijoia banhada a r\u00f3dio<\/p>\n<p>Caracter\u00edsticas:<br \/>\nBanho de verniz italiano Hipoalerg\u00eanico (20 mil\u00e9simos do banho de rodio<\/p>\n<p>Cuidados Necess\u00e1rios:<br \/>\nPara preservar a beleza da sua semijoia, recomenda-se:<br \/>\nEvitar o contato com produtos qu\u00edmicos, como perfumes e produtos de limpeza.<br \/>\nArmazenar em um local seco e arejado, preferencialmente em um porta-joias.<br \/>\nLimpar com um pano macio e seco ap\u00f3s o uso para remover sujeira e oleosidade.<\/p>\n<p>Durabilidade:<br \/>\nNossas semijoias s\u00e3o projetadas para resistir ao uso di\u00e1rio, mantendo sua beleza por um longo per\u00edodo quando os cuidados adequados s\u00e3o seguidos.<\/p>\n<p>Hipoalerg\u00eanica:<br \/>\nNossas pe\u00e7as s\u00e3o hipoalerg\u00eanicas, feitas com materiais de alta qualidade que minimizam o risco de rea\u00e7\u00f5es al\u00e9rgicas. Ideal para quem tem pele sens\u00edvel.<\/p>\n","protected":false},"excerpt":{"rendered":"<p>Informa\u00e7\u00f5es do produto Semijoia banhada a r\u00f3dio Caracter\u00edsticas: Banho de verniz italiano Hipoalerg\u00eanico (20 mil\u00e9simos do banho de rodio Cuidados Necess\u00e1rios: Para preservar a beleza da sua semijoia, recomenda-se: Evitar o contato com produtos qu\u00edmicos, como perfumes e produtos de limpeza. Armazenar em um local seco e arejado, preferencialmente em um porta-joias. Limpar com um pano macio e seco ap\u00f3s o uso para remover sujeira e oleosidade. Durabilidade: Nossas semijoias s\u00e3o projetadas para resistir ao uso di\u00e1rio, mantendo sua beleza por um longo per\u00edodo quando os cuidados adequados s\u00e3o seguidos. Hipoalerg\u00eanica: Nossas pe\u00e7as s\u00e3o hipoalerg\u00eanicas, feitas com materiais de alta qualidade que minimizam o risco de rea\u00e7\u00f5es al\u00e9rgicas. Ideal para quem tem pele sens\u00edvel.<\/p>\n","protected":false},"featured_media":5451,"comment_status":"open","ping_status":"closed","template":"","meta":[],"product_brand":[],"product_cat":[95],"product_tag":[],"class_list":{"0":"post-5476","1":"product","2":"type-product","3":"status-publish","4":"has-post-thumbnail","6":"product_cat-brincos-festa-e-noiva","8":"first","9":"instock","10":"shipping-taxable","11":"purchasable","12":"product-type-simple"},"jetpack_sharing_enabled":true,"_links":{"self":[{"href":"https:\/\/josephinaoficial.com.br\/loja\/wp-json\/wp\/v2\/product\/5476","targetHints":{"allow":["GET"]}}],"collection":[{"href":"https:\/\/josephinaoficial.com.br\/loja\/wp-json\/wp\/v2\/product"}],"about":[{"href":"https:\/\/josephinaoficial.com.br\/loja\/wp-json\/wp\/v2\/types\/product"}],"replies":[{"embeddable":true,"href":"https:\/\/josephinaoficial.com.br\/loja\/wp-json\/wp\/v2\/comments?post=5476"}],"wp:featuredmedia":[{"embeddable":true,"href":"https:\/\/josephinaoficial.com.br\/loja\/wp-json\/wp\/v2\/media\/5451"}],"wp:attachment":[{"href":"https:\/\/josephinaoficial.com.br\/loja\/wp-json\/wp\/v2\/media?parent=5476"}],"wp:term":[{"taxonomy":"product_brand","embeddable":true,"href":"https:\/\/josephinaoficial.com.br\/loja\/wp-json\/wp\/v2\/product_brand?post=5476"},{"taxonomy":"product_cat","embeddable":true,"href":"https:\/\/josephinaoficial.com.br\/loja\/wp-json\/wp\/v2\/product_cat?post=5476"},{"taxonomy":"product_tag","embeddable":true,"href":"https:\/\/josephinaoficial.com.br\/loja\/wp-json\/wp\/v2\/product_tag?post=5476"}],"curies":[{"name":"wp","href":"https:\/\/api.w.org\/{rel}","templated":true}]}}